{"id":29,"date":"2022-11-30T09:40:12","date_gmt":"2022-11-30T09:40:12","guid":{"rendered":"https:\/\/www.mvavm.de\/?page_id=29"},"modified":"2022-11-30T11:02:03","modified_gmt":"2022-11-30T11:02:03","slug":"29-2","status":"publish","type":"page","link":"https:\/\/www.mvavm.de\/","title":{"rendered":"Impressum"},"content":{"rendered":"<p>[et_pb_section fb_built=&#8220;1&#8243; _builder_version=&#8220;4.19.2&#8243; _module_preset=&#8220;default&#8220; global_colors_info=&#8220;{}&#8220;][et_pb_row _builder_version=&#8220;4.19.2&#8243; _module_preset=&#8220;default&#8220; global_colors_info=&#8220;{}&#8220;][et_pb_column type=&#8220;4_4&#8243; _builder_version=&#8220;4.19.2&#8243; _module_preset=&#8220;default&#8220; global_colors_info=&#8220;{}&#8220;][et_pb_accordion _builder_version=&#8220;4.19.2&#8243; _module_preset=&#8220;default&#8220; global_colors_info=&#8220;{}&#8220;][et_pb_accordion_item title=&#8220;Impressum nach \u00a7 5 TMG&#8220; open=&#8220;on&#8220; _builder_version=&#8220;4.19.2&#8243; _module_preset=&#8220;default&#8220; global_colors_info=&#8220;{}&#8220;]<\/p>\n<p>Moritz von Allw\u00f6rden<br \/>Fackenburger Allee 14b<br \/>23554 L\u00fcbeck<\/p>\n<p>Email: <a href=\"mailto:info@mvavm.de\">info@mvavm.de<\/a><\/p>\n<p><strong>T\u00e4tigkeitsarten:<\/strong><\/p>\n<p>\u2022 Immobilienmakler und Darlehensvermittler mit Erlaubnis gem. \u00a7 34c Gewerbeordnung (GewO)<br \/>\u2022 Versicherungsmakler im Sinne des \u00a7 59 Abs. 3 Versicherungsvertragsgesetzes (VVG) mit Erlaubnis gem. \u00a7 34d Abs. 1 Gewerbeordnung (GewO)<br \/>\u2022 Immobiliendarlehensvermittler mit Erlaubnis gem. \u00a7 34i Abs. 1 S. 1 Gewerbeordnung (GewO)<\/p>\n<p><strong>Aufsichtsbeh\u00f6rde f\u00fcr die Erlaubnis nach \u00a7 34c Gewerbeordnung<\/strong><\/p>\n<p>Stadt L\u00fcbeck<br \/>Ordnungsamt &#8211; Gewerbebeh\u00f6rde<br \/>Dr.-Julius-Leber-Stra\u00dfe 50-52<br \/>23552 L\u00fcbeck<\/p>\n<p><strong>Aufsichtsbeh\u00f6rde f\u00fcr die Erlaubnis nach \u00a7 34d und \u00a7 34i Gewerbeordnung<\/strong><\/p>\n<p>Industrie- und Handelskammer L\u00fcbeck<br \/>Fackenburger Allee 2<br \/>23554 L\u00fcbeck<\/p>\n<p><strong>Registerstelle<\/strong><\/p>\n<p>Deutscher Industrie- und Handelskammertag (DIHK) e.V.<br \/>Breite Stra\u00dfe 29<br \/>10178 Berlin<\/p>\n<p>Registernummer als Versicherungsmakler: D-X7FX-034IW-98<\/p>\n<p>Registernummer als Immobiliardarlehensvermittler: D-W-150-F5P3-15<\/p>\n<p><strong>Beratung und Verg\u00fctung<\/strong><\/p>\n<p>Es wird eine Beratung angeboten. Der Makler erh\u00e4lt eine Courtage im Zusammenhang mit der Vermittlung vom Versicherungsunternehmen, welche in den Versicherungspr\u00e4mien enthalten ist.<br \/>In geeigneten F\u00e4llen vermittelt der Makler auf Honorarbasis. Das Honorar ist direkt vom Kunden zu <br \/>zahlen. Dar\u00fcber hinaus erh\u00e4lt der Makler (keine) Zuwendungen.<\/p>\n<p><strong>Schlichtungsstellen<\/strong><\/p>\n<p>Zur au\u00dfergerichtlichen Beilegung von Streitigkeiten zwischen Versicherungsnehmer und Vermittler im Zusammenhang mit der Vermittlung von Versicherungsvertr\u00e4gen k\u00f6nnen die folgenden unabh\u00e4ngigen Schlichtungsstellen gem\u00e4\u00df \u00a7 214 VVG angerufen werden.<\/p>\n<p>Versicherungsombudsmann e.V.<br \/>Postfach 080632<br \/>10006 Berlin<\/p>\n<p>Ombudsmann Private Kranken- und Pflegeversicherung<br \/>Postfach 060222<br \/>10052 Berlin<\/p>\n<p><strong>Beteiligungen<\/strong><\/p>\n<p>Moritz von Allw\u00f6rden besitzt keine direkten oder indirekten Beteiligungen von \u00fcber 10% an den Stimmrechten oder am Kapital eines Versicherungsunternehmens.<br \/>Dar\u00fcber hinaus besitzt kein Versicherungsunternehmen oder Mutterunternehmen eines Versicherungsunternehmens eine direkte oder indirekte Beteiligung an den Stimmrechten oder am Kapital von Moritz von Allw\u00f6rden.<\/p>\n<p><strong>Berufsrechtliche Regelungen<\/strong><\/p>\n<p>\u2022 \u00a7 34 c Gewerbeordnung<br \/>\u2022 \u00a7 34 d Gewerbeordnung<br \/>\u2022 \u00a7 34 i Gewerbeordnung<br \/>\u2022 \u00a7\u00a7 59-68 Versicherungsvertragsgesetz (VVG)<br \/>\u2022 Versicherungsvermittlerverordnung (VersVermV)<\/p>\n<p>[\/et_pb_accordion_item][\/et_pb_accordion][\/et_pb_column][\/et_pb_row][\/et_pb_section]<\/p>\n","protected":false},"excerpt":{"rendered":"<p>Moritz von Allw\u00f6rdenFackenburger Allee 14b23554 L\u00fcbeck Email: info@mvavm.de T\u00e4tigkeitsarten: \u2022 Immobilienmakler und Darlehensvermittler mit Erlaubnis gem. \u00a7 34c Gewerbeordnung (GewO)\u2022 Versicherungsmakler im Sinne des \u00a7 59 Abs. 3 Versicherungsvertragsgesetzes (VVG) mit Erlaubnis gem. \u00a7 34d Abs. 1 Gewerbeordnung (GewO)\u2022 Immobiliendarlehensvermittler mit Erlaubnis gem. \u00a7 34i Abs. 1 S. 1 Gewerbeordnung (GewO) Aufsichtsbeh\u00f6rde f\u00fcr die Erlaubnis [&hellip;]<\/p>\n","protected":false},"author":1,"featured_media":0,"parent":0,"menu_order":0,"comment_status":"closed","ping_status":"closed","template":"","meta":{"_et_pb_use_builder":"on","_et_pb_old_content":"","_et_gb_content_width":"","footnotes":""},"class_list":["post-29","page","type-page","status-publish","hentry"],"_links":{"self":[{"href":"https:\/\/www.mvavm.de\/index.php?rest_route=\/wp\/v2\/pages\/29","targetHints":{"allow":["GET"]}}],"collection":[{"href":"https:\/\/www.mvavm.de\/index.php?rest_route=\/wp\/v2\/pages"}],"about":[{"href":"https:\/\/www.mvavm.de\/index.php?rest_route=\/wp\/v2\/types\/page"}],"author":[{"embeddable":true,"href":"https:\/\/www.mvavm.de\/index.php?rest_route=\/wp\/v2\/users\/1"}],"replies":[{"embeddable":true,"href":"https:\/\/www.mvavm.de\/index.php?rest_route=%2Fwp%2Fv2%2Fcomments&post=29"}],"version-history":[{"count":7,"href":"https:\/\/www.mvavm.de\/index.php?rest_route=\/wp\/v2\/pages\/29\/revisions"}],"predecessor-version":[{"id":45,"href":"https:\/\/www.mvavm.de\/index.php?rest_route=\/wp\/v2\/pages\/29\/revisions\/45"}],"wp:attachment":[{"href":"https:\/\/www.mvavm.de\/index.php?rest_route=%2Fwp%2Fv2%2Fmedia&parent=29"}],"curies":[{"name":"wp","href":"https:\/\/api.w.org\/{rel}","templated":true}]}}